{"id":145,"date":"2017-10-20T14:48:01","date_gmt":"2017-10-20T14:48:01","guid":{"rendered":"http:\/\/apressthemes.com\/demo11\/?page_id=143"},"modified":"2019-03-29T18:26:11","modified_gmt":"2019-03-29T15:26:11","slug":"services","status":"publish","type":"page","link":"http:\/\/www.korfezelektroteknik.com\/index.php\/services\/","title":{"rendered":"Hizmetlerimiz"},"content":{"rendered":"<p>[vc_row css=&#8221;.vc_custom_1504076920293{padding-top: 50px !important;padding-bottom: 50px !important;}&#8221;][vc_column][vc_empty_space height=&#8221;30px&#8221;][vc_row_inner][vc_column_inner el_class=&#8221;custom_sidebar&#8221; width=&#8221;1\/4&#8243;][apress_imagebox imagebox_style=&#8221;style2&#8243; imagebox_image=&#8221;175&#8243; imagebox_title=&#8221;FABR\u0130KA AYDINLATMA TES\u0130SATI&#8221; imagebox_title_color=&#8221;&#8221; imagebox_description_color=&#8221;&#8221; imagebox_button_size=&#8221;medium&#8221; imagebox_button_text=&#8221;Learn More&#8221; imagebox_button_hover_style=&#8221;hoverstyle5&#8243; imagebox_buttonfontcolor=&#8221;#dd9933&#8243; imagebox_buttonfontcolorhover=&#8221;#ffffff&#8221; imagebox_buttonbackgroundcolor=&#8221;#ffffff&#8221; imagebox_buttonbackgroundcolorhover=&#8221;#dd9933&#8243; imagebox_buttonbordercolor=&#8221;#dd9933&#8243; imagebox_buttonbordercolorhover=&#8221;#dd9933&#8243; data_animation=&#8221;fadeIn&#8221; data_delay=&#8221;300&#8243;]Firmam\u0131z uzman teknik personel kadrosuyla elektrik tesislerinin in\u015faat\u0131 \u00e7al\u0131\u015fmalar\u0131, AG+OG, ayd\u0131nlatma tesisleri, trafo postas\u0131 kurulumlar\u0131, ar\u0131za bak\u0131m ve i\u015fletme \u00e7al\u0131\u015fmalar\u0131n\u0131 y\u00fcr\u00fctmektedir. Projelerimiz tamam\u0131nda, modern teknolojiye uygun tesislerin yap\u0131lmas\u0131, ilgili mevzuat, standart ve \u015fartnamelere uygun, s\u00f6z konusu tesislerin iletim veya da\u011f\u0131t\u0131m \u015febekelerine uyumlu olarak ba\u011flanmas\u0131, can, mal ve \u00e7evre emniyetinin sa\u011flanmas\u0131na y\u00f6nelik hizmetleri \u00f6nemsemekteyiz.[\/apress_imagebox][\/vc_column_inner][vc_column_inner el_class=&#8221;Custom_sidebar&#8221; width=&#8221;1\/4&#8243;][apress_imagebox imagebox_style=&#8221;style2&#8243; imagebox_image=&#8221;176&#8243; imagebox_title=&#8221;BAKIM, ONARIM&#8221; imagebox_title_color=&#8221;&#8221; imagebox_description_color=&#8221;&#8221; imagebox_button_size=&#8221;medium&#8221; imagebox_button_text=&#8221;Learn More&#8221; imagebox_button_hover_style=&#8221;hoverstyle5&#8243; imagebox_buttonfontcolor=&#8221;#dd9933&#8243; imagebox_buttonfontcolorhover=&#8221;#ffffff&#8221; imagebox_buttonbackgroundcolor=&#8221;#ffffff&#8221; imagebox_buttonbackgroundcolorhover=&#8221;#dd9933&#8243; imagebox_buttonbordercolor=&#8221;#dd9933&#8243; imagebox_buttonbordercolorhover=&#8221;#dd9933&#8243; data_animation=&#8221;fadeIn&#8221; data_delay=&#8221;600&#8243;]Elektrik tesisleri, yer alt\u0131 ve havai \u015febeke elemanlar\u0131 ile trafo postalar\u0131 ilk kurulum ve deplase \u00e7al\u0131\u015fmalar\u0131n\u0131, s\u0131f\u0131r ar\u0131za politikas\u0131yla y\u00fcr\u00fctmekteyiz.[\/apress_imagebox][\/vc_column_inner][vc_column_inner el_class=&#8221;Custom_sidebar&#8221; width=&#8221;1\/4&#8243;][apress_imagebox imagebox_style=&#8221;style2&#8243; imagebox_image=&#8221;179&#8243; imagebox_title=&#8221;OTOMAT\u0130K KAYAN KAPI (DASP\u0130)&#8221; imagebox_title_color=&#8221;&#8221; imagebox_description_color=&#8221;&#8221; imagebox_button_size=&#8221;medium&#8221; imagebox_button_text=&#8221;Learn More&#8221; imagebox_button_hover_style=&#8221;hoverstyle5&#8243; imagebox_buttonfontcolor=&#8221;#dd9933&#8243; imagebox_buttonfontcolorhover=&#8221;#ffffff&#8221; imagebox_buttonbackgroundcolor=&#8221;#ffffff&#8221; imagebox_buttonbackgroundcolorhover=&#8221;#dd9933&#8243; imagebox_buttonbordercolor=&#8221;#dd9933&#8243; imagebox_buttonbordercolorhover=&#8221;#dd9933&#8243; data_animation=&#8221;fadeIn&#8221; data_delay=&#8221;900&#8243;]Otomatik kap\u0131 \u00fczerine b\u00fct\u00fcn \u00fcr\u00fcnlerin sat\u0131\u015f\u0131n\u0131 montaj\u0131n\u0131 bak\u0131m\u0131n\u0131 onar\u0131m\u0131n\u0131 yapmaktay\u0131z.[\/apress_imagebox][\/vc_column_inner][vc_column_inner el_class=&#8221;Custom_sidebar&#8221; width=&#8221;1\/4&#8243;][apress_imagebox imagebox_style=&#8221;style2&#8243; imagebox_image=&#8221;180&#8243; imagebox_title=&#8221;\u00c7ATI KONSTR\u00dcKS\u0130YON \u0130\u015eLER\u0130&#8221; imagebox_title_color=&#8221;&#8221; imagebox_description_color=&#8221;&#8221; imagebox_button_size=&#8221;medium&#8221; imagebox_button_text=&#8221;Learn More&#8221; imagebox_button_hover_style=&#8221;hoverstyle5&#8243; imagebox_buttonfontcolor=&#8221;#dd9933&#8243; imagebox_buttonfontcolorhover=&#8221;#ffffff&#8221; imagebox_buttonbackgroundcolor=&#8221;#ffffff&#8221; imagebox_buttonbackgroundcolorhover=&#8221;#dd9933&#8243; imagebox_buttonbordercolor=&#8221;#dd9933&#8243; imagebox_buttonbordercolorhover=&#8221;#dd9933&#8243; data_animation=&#8221;fadeIn&#8221; data_delay=&#8221;1200&#8243;]\u00c7at\u0131 konstr\u00fcksiyonu yap\u0131m ve yenileme i\u015fleri[\/apress_imagebox][\/vc_column_inner][\/vc_row_inner][\/vc_column][\/vc_row][vc_row full_width=&#8221;stretch_row&#8221; css=&#8221;.vc_custom_1504088453236{padding-top: 50px !important;padding-bottom: 100px !important;background-color: #333333 !important;}&#8221;][vc_column][apress_text_separator title=&#8221;PROJECT GALLERY&#8221; title_align=&#8221;separator_align_left&#8221; align=&#8221;align_left&#8221; el_width=&#8221;40&#8243; contentboxanimation=&#8221;fadeIn&#8221; contentboxdelay=&#8221;300&#8243; color=&#8221;#ffffff&#8221; title_font_options=&#8221;tag:h2|color:%23ffffff&#8221;][apress_photo_gallery images=&#8221;115,116,117,118,119,120,121,122&#8243; images_size=&#8221;full&#8221; image_gutter=&#8221;10&#8243; use_lightbox=&#8221;yes&#8221; hover_effects=&#8221;zoomin_effect&#8221; data_animation=&#8221;fadeInUp&#8221;][\/vc_column][\/vc_row][vc_row css=&#8221;.vc_custom_1504088943013{padding-top: 50px !important;padding-bottom: 50px !important;}&#8221;][vc_column][apress_text_separator title=&#8221;RECENT NEWS&#8221; title_align=&#8221;separator_align_left&#8221; align=&#8221;align_left&#8221; el_width=&#8221;40&#8243; contentboxanimation=&#8221;fadeIn&#8221; contentboxdelay=&#8221;300&#8243; color=&#8221;#dd9933&#8243; title_font_options=&#8221;tag:h2|color:%23dd9933&#8243;][apress_blog_styles style=&#8221;style9&#8243; category=&#8221;all&#8221; blgcrslcolprw=&#8221;Four&#8221; posttitleposition=&#8221;below&#8221; excerptlength=&#8221;20&#8243; categoryfontcolor=&#8221;#ffffff&#8221; categoryfontcolorhover=&#8221;#dd9933&#8243; categorybackgroundcolor=&#8221;#dd9933&#8243; categorybordercolor=&#8221;#dd9933&#8243; categorybordercolorhover=&#8221;#dd9933&#8243; buttonfontcolor=&#8221;#dd9933&#8243; buttonfontcolorhover=&#8221;#ffffff&#8221; buttonbackgroundcolorhover=&#8221;#dd9933&#8243; buttonbordercolor=&#8221;#dd9933&#8243; buttonbordercolorhover=&#8221;#dd9933&#8243; socialsharingshowhide=&#8221;hide&#8221; postmetashowhide=&#8221;hide&#8221; postdesign=&#8221;box_withoutpadding&#8221; boxbackgroundcolor=&#8221;#ffffff&#8221; boxbordercolor=&#8221;#dddddd&#8221;][\/vc_column][\/vc_row]<\/p>\n","protected":false},"excerpt":{"rendered":"<p>[vc_row css=&#8221;.vc_custom_1504076920293{padding-top: 50px !important;padding-bottom: 50px !important;}&#8221;][vc_column][vc_empty_space height=&#8221;30px&#8221;][vc_row_inner][vc_column_inner el_class=&#8221;custom_sidebar&#8221; width=&#8221;1\/4&#8243;][apress_imagebox imagebox_style=&#8221;style2&#8243; imagebox_image=&#8221;175&#8243; imagebox_title=&#8221;FABR\u0130KA AYDINLATMA TES\u0130SATI&#8221; imagebox_title_color=&#8221;&#8221; imagebox_description_color=&#8221;&#8221; imagebox_button_size=&#8221;medium&#8221; imagebox_button_text=&#8221;Learn More&#8221; imagebox_button_hover_style=&#8221;hoverstyle5&#8243; imagebox_buttonfontcolor=&#8221;#dd9933&#8243; imagebox_buttonfontcolorhover=&#8221;#ffffff&#8221; imagebox_buttonbackgroundcolor=&#8221;#ffffff&#8221; imagebox_buttonbackgroundcolorhover=&#8221;#dd9933&#8243; imagebox_buttonbordercolor=&#8221;#dd9933&#8243; imagebox_buttonbordercolorhover=&#8221;#dd9933&#8243; data_animation=&#8221;fadeIn&#8221; data_delay=&#8221;300&#8243;]Firmam\u0131z uzman teknik personel kadrosuyla elektrik tesislerinin in\u015faat\u0131 \u00e7al\u0131\u015fmalar\u0131, AG+OG, ayd\u0131nlatma tesisleri, trafo<span class=\"read_more_area\"><a class=\"read-more\" href=\"http:\/\/www.korfezelektroteknik.com\/index.php\/services\/\"> Continue Reading <\/a><\/span><\/p>\n","protected":false},"author":1,"featured_media":0,"parent":0,"menu_order":0,"comment_status":"closed","ping_status":"closed","template":"","meta":[],"_links":{"self":[{"href":"http:\/\/www.korfezelektroteknik.com\/index.php\/wp-json\/wp\/v2\/pages\/145"}],"collection":[{"href":"http:\/\/www.korfezelektroteknik.com\/index.php\/wp-json\/wp\/v2\/pages"}],"about":[{"href":"http:\/\/www.korfezelektroteknik.com\/index.php\/wp-json\/wp\/v2\/types\/page"}],"author":[{"embeddable":true,"href":"http:\/\/www.korfezelektroteknik.com\/index.php\/wp-json\/wp\/v2\/users\/1"}],"replies":[{"embeddable":true,"href":"http:\/\/www.korfezelektroteknik.com\/index.php\/wp-json\/wp\/v2\/comments?post=145"}],"version-history":[{"count":5,"href":"http:\/\/www.korfezelektroteknik.com\/index.php\/wp-json\/wp\/v2\/pages\/145\/revisions"}],"predecessor-version":[{"id":186,"href":"http:\/\/www.korfezelektroteknik.com\/index.php\/wp-json\/wp\/v2\/pages\/145\/revisions\/186"}],"wp:attachment":[{"href":"http:\/\/www.korfezelektroteknik.com\/index.php\/wp-json\/wp\/v2\/media?parent=145"}],"curies":[{"name":"wp","href":"https:\/\/api.w.org\/{rel}","templated":true}]}}