{"id":144,"date":"2017-10-20T14:45:22","date_gmt":"2017-10-20T14:45:22","guid":{"rendered":"http:\/\/apressthemes.com\/demo11\/?page_id=141"},"modified":"2019-03-14T17:28:18","modified_gmt":"2019-03-14T14:28:18","slug":"hakkimizda","status":"publish","type":"page","link":"http:\/\/www.korfezelektroteknik.com\/index.php\/hakkimizda\/","title":{"rendered":"Hakk\u0131m\u0131zda"},"content":{"rendered":"<p>[vc_row css=&#8221;.vc_custom_1504087438970{padding-top: 50px !important;padding-bottom: 50px !important;}&#8221;][vc_column][vc_row_inner gap=&#8221;20&#8243; css=&#8221;.vc_custom_1504086542330{padding-bottom: 50px !important;}&#8221;][vc_column_inner width=&#8221;3\/4&#8243;][apress_text_separator title=&#8221;HAKKIMIZDA&#8221; title_align=&#8221;separator_align_left&#8221; align=&#8221;align_left&#8221; el_width=&#8221;40&#8243; contentboxanimation=&#8221;fadeIn&#8221; contentboxdelay=&#8221;300&#8243; color=&#8221;#dd9933&#8243; title_font_options=&#8221;tag:h2|color:%23dd9933&#8243;][vc_column_text css_animation=&#8221;fadeInUp&#8221;]1996 y\u0131l\u0131nda kurulan firmam\u0131z, A.G. ve O.G. elektrik malzemelerinin toptan ve perakende sat\u0131\u015f\u0131n\u0131 yapmaktad\u0131r.<\/p>\n<p>Sekt\u00f6r\u00fcn T\u00fcrkiye ve D\u00fcnya \u00e7ap\u0131nda imalat\u00e7\u0131 ve da\u011f\u0131t\u0131c\u0131 markalar\u0131n se\u00e7kin \u00fcr\u00fcnlerini bir \u00e7at\u0131 alt\u0131nda toplayan firmam\u0131z, m\u00fc\u015fteri beklenti ve ihtiya\u00e7lar\u0131na en iyi seviyede cevap verebilecek konumdad\u0131r.<\/p>\n<p>Ba\u015fta kablo olmak \u00fczere, zay\u0131f ak\u0131m ve kuvvetli ak\u0131m t\u00fcm elektrik \u00fcr\u00fcnlerimiz genellikle stoklar\u0131m\u0131zda bulunmaktad\u0131r. Sekt\u00f6rde teknolojiyi takip eden firmam\u0131z, m\u00fc\u015fteri beklentilerine cevap verecek yeni \u00fcr\u00fcnlerle stoklar\u0131n\u0131 zenginle\u015ftirmektedir.<\/p>\n<p>Firma ma\u011faza sat\u0131\u015f ve pazarlaman\u0131n d\u0131\u015f\u0131nda ke\u015fif, m\u00fchendislik hizmeti, m\u00fc\u015favirlik hizmeti, anahtar teslimi proje y\u00f6netimi, sistem tasar\u0131m\u0131, servis-bak\u0131m ve taahh\u00fct hizmetlerini de y\u00fcr\u00fctmektedir. Ayr\u0131ca b\u00fcnyesinde pano imalat\u0131 ve trafo bak\u0131m hizmeti de vermektedir.<\/p>\n<p>Firmam\u0131z, dinamik, deneyimli, birikimli ve e\u011fitimli i\u015fletmeci, m\u00fchendis, tekniker ve uzmanlar\u0131m\u0131z ile t\u00fcm teknolojik imk\u00e2nlar\u0131 kullanarak h\u0131zl\u0131, \u00e7\u00f6z\u00fcm odakl\u0131 ve kaliteli hizmet vermeyi temel d\u00fcstur edinmi\u015ftir.<\/p>\n<p>\u0130\u015fletmemiz t\u00fcm bu faaliyetlerini m\u00fclkiyeti kendine ait ma\u011faza, idari b\u00fcro ve imalathanesinde y\u00fcr\u00fctmektedir.<\/p>\n<p>&nbsp;<\/p>\n<p>&nbsp;<\/p>\n<p>V\u0130ZYOMUNUZ<\/p>\n<p>Teknolojik yat\u0131r\u0131mlarla s\u00fcrekli desteklenen g\u00fcvenli ve kaliteli \u00fcr\u00fcn yap\u0131s\u0131n\u0131 geli\u015ftirerek, yenilik\u00e7i, yarat\u0131c\u0131 ve k\u00fcresel trendlere uyan \u00f6zg\u00fcn \u00fcr\u00fcn tasar\u0131mlar\u0131 ve hizmetleri ile ko\u015fulsuz m\u00fc\u015fteri memnuniyetini sa\u011flamay\u0131 hedefleyen;Yapt\u0131\u011f\u0131m\u0131z her i\u015fte i\u015f ve i\u015f\u00e7i emniyeti, \u00e7evreye sayg\u0131, kaliteden \u00f6d\u00fcn vermeden ekonomik, h\u0131zl\u0131 ve teknolojik \u00e7\u00f6z\u00fcmler \u00fcretmek \u00f6ncelikli hedefimizdir.<\/p>\n<p><strong>\u00a0<\/strong><\/p>\n<p><strong>M\u0130SYONUMUZ<\/strong><\/p>\n<p>\u00dcr\u00fcnlerimiz, \u00e7\u00f6z\u00fcmlerimiz, sat\u0131\u015f sonras\u0131 hizmetlerimizle sa\u011flad\u0131\u011f\u0131m\u0131z g\u00fcvenirlilik ve y\u00fcksek i\u015f ahlak\u0131m\u0131z ile m\u00fc\u015fterilerin ilk tercihi olarak, \u00e7al\u0131\u015fanlar\u0131m\u0131z ve m\u00fc\u015fterilerimiz i\u00e7in de\u011fer yaratan bir \u015firket olmak m\u00fc\u015fteri ihtiya\u00e7 ve beklentilerini tam ve s\u00fcrekli olarak kar\u015f\u0131lyabilecek \u00fcst\u00fcn kaliteli, g\u00fcvenilir \u00fcr\u00fcn ve hizmetleri en ekonomik \u015fekilde sunmak.<\/p>\n<p><strong>KAL\u0130TE POL\u0130T\u0130KAMIZ<\/strong><\/p>\n<p>D\u00fcnya standartlar\u0131nda \u00e7a\u011fda\u015f stratejiler olu\u015fturmak Do\u011fru planlama ve uygulamalar ile farkl\u0131 olmak Kalite ve zarafetle \u00e7\u00f6z\u00fcm \u00fcretmek, mazeret de\u011fil \u00e7\u00f6z\u00fcm \u00fcretici olmak Pozitif yakla\u015f\u0131m\u0131n de\u011ferini g\u00f6n\u00fclden kabul edip buna uygun davranmak Hatan\u0131n yap\u0131labilir bir olgu oldu\u011funu ba\u015ftan kabul etme yanl\u0131\u015fl\u0131\u011f\u0131na asla d\u00fc\u015fmemek \u0130\u015f ortaklar\u0131m\u0131z\u0131n ihtiya\u00e7lar\u0131n\u0131 do\u011fru tespit etmek, isteklerini tam anlamak Uygun ekip ve ekipman ile m\u00fckemmel sonuca s\u00fcratle ula\u015fana kadar i\u015fi takip etmek, sonu\u00e7land\u0131r\u0131p bunun bilgisini i\u015f ortaklar\u0131m\u0131zla an\u0131nda payla\u015fmak Hatalar\u0131n tamamen eksik planlama veya yanl\u0131\u015f y\u00f6ntemlerden kaynakland\u0131\u011f\u0131n\u0131n bilincinde olarak, hatay\u0131 bir an \u00f6nce d\u00fczeltmek i\u00e7in \u00e7\u00f6z\u00fcm \u00fcretmek Bununla ilgili \u00fcst y\u00f6netime ve i\u015f ortaklar\u0131na bilgi vermek T\u00fcm aile bireylerinin, misyonumuza, vizyonumuza ve hizmet kalite anlay\u0131\u015f\u0131m\u0131za sahip \u00e7\u0131kmalar\u0131n\u0131 sa\u011flamak i\u00e7in yeni geli\u015fimlerle ilgili \u015firket i\u00e7i ve d\u0131\u015f\u0131 seminerlere, do\u011fru e\u011fitim toplant\u0131lar\u0131na kat\u0131lmalar\u0131n\u0131 sa\u011flamak Ekolojik dengeleri g\u00f6zeterek, insan ya\u015fam\u0131n\u0131n her \u015feyin \u00fczerinde oldu\u011funu bilinci ile \u00fclkemize yararl\u0131 olmak.[\/vc_column_text][apress_button button_text=&#8221;CASE STUDIES&#8221; color_scheme=&#8221;design_your_own&#8221; button_bg_color=&#8221;#ffffff&#8221; button_bg_color_h=&#8221;#dd9933&#8243; button_text_color=&#8221;#dd9933&#8243; button_border_color=&#8221;#dd9933&#8243; button_border_color_h=&#8221;#dd9933&#8243; button_shape=&#8221;rounded&#8221; button_size=&#8221;medium&#8221; data_animation=&#8221;fadeInUp&#8221; data_delay=&#8221;300&#8243;][\/vc_column_inner][vc_column_inner width=&#8221;1\/4&#8243; css=&#8221;.vc_custom_1504087300620{padding-top: 50px !important;padding-right: 100px !important;padding-bottom: 50px !important;padding-left: 100px !important;background-image: url(http:\/\/www.korfezelektroteknik.com\/wp-content\/uploads\/2017\/08\/bg.jpg?id=91) !important;background-position: center !important;background-repeat: no-repeat !important;background-size: cover !important;}&#8221;]<div class=\"stats-block stats-top  \"><div class=\"aio-icon-top\"><div class=\"ult-just-icon-wrapper  \"><div class=\"align-icon\" style=\"text-align:center;\">\n<div class=\"aio-icon-img \" style=\"font-size:128px;display:inline-block;\" data-animation=\"fadeInDown\" data-animation-delay=\"03\">\n\t<img class=\"img-icon\" alt=\"\" src=\"http:\/\/www.korfezelektroteknik.com\/wp-content\/uploads\/2017\/08\/team-leader1.png\"\/>\n<\/div><\/div><\/div><\/div><div class=\"stats-desc\" id=\"counter-responsv-wrap-3798\"><div id=\"counter_188129900169e4bdabe4b12\" data-id=\"counter_188129900169e4bdabe4b12\"  data-ultimate-target='#counter-responsv-wrap-3798 .stats-number'  data-responsive-json-new='{\"font-size\":\"desktop:30px;\",\"line-height\":\"desktop:40px;\"}'  class=\"stats-number ult-responsive\" style=\" color:#ffffff; color:#ffffff;\" data-speed=\"3\" data-counter-value=\"11\" data-separator=\",\" data-decimal=\".\">0<\/div><div id=\"counter-responsv-wrap-3798\"  data-ultimate-target='#counter-responsv-wrap-3798 .stats-text'  data-responsive-json-new='{\"font-size\":\"desktop:20px;\",\"line-height\":\"desktop:30px;\"}'  class=\"stats-text ult-responsive\" style=\"font-size:px; color:#ffffff; \">GLORIOUS YEARS OF SERVICE<\/div><\/div><\/div>[\/vc_column_inner][\/vc_row_inner][vc_row_inner][vc_column_inner width=&#8221;1\/3&#8243;][apress_text_separator title=&#8221;OUR MISSION&#8221; title_align=&#8221;separator_align_left&#8221; align=&#8221;align_left&#8221; el_width=&#8221;70&#8243; contentboxanimation=&#8221;fadeInDown&#8221; contentboxdelay=&#8221;300&#8243; color=&#8221;#dd9933&#8243; title_font_options=&#8221;tag:h2|font_size:20|color:%23dd9933|line_height:30&#8243;][vc_column_text css_animation=&#8221;fadeInDown&#8221;]<\/p>\n<blockquote><p>Eos movet legimus euripidis ea. Cu eos minim aeque interpretaris, vel te eirmod dissentiet, homero utroque ut mea.<\/p><\/blockquote>\n<p>[\/vc_column_text][\/vc_column_inner][vc_column_inner width=&#8221;1\/3&#8243;][apress_text_separator title=&#8221;CORE VALUES&#8221; title_align=&#8221;separator_align_left&#8221; align=&#8221;align_left&#8221; el_width=&#8221;70&#8243; contentboxanimation=&#8221;fadeInDown&#8221; contentboxdelay=&#8221;600&#8243; color=&#8221;#dd9933&#8243; title_font_options=&#8221;tag:h2|font_size:20|color:%23dd9933|line_height:30&#8243;]<div class=\"ult-animation  ult-animate-viewport  ult-no-mobile \" data-animate=\"fadeInDown\" data-animation-delay=\"0\" data-animation-duration=\"3\" data-animation-iteration=\"1\" style=\"opacity:0;\" data-opacity_start_effect=\"\"><div class=\"uavc-list-icon uavc-list-icon-wrapper ult-adjust-bottom-margin   \"><ul class=\"uavc-list\"><li><div class=\"uavc-list-content\" id=\"list-icon-wrap-3636\">\n<div class=\"uavc-list-icon  \" data-animation=\"\" data-animation-delay=\"03\" style=\"margin-right:10px;\"><div class=\"ult-just-icon-wrapper  \"><div class=\"align-icon\" style=\"text-align:center;\">\n<div class=\"aio-icon none \"  style=\"color:#dd9933;font-size:24px;display:inline-block;\">\n\t<i class=\"Defaults-check\"><\/i>\n<\/div><\/div><\/div>\n<\/div><span  data-ultimate-target='#list-icon-wrap-3636 .uavc-list-desc'  data-responsive-json-new='{\"font-size\":\"\",\"line-height\":\"\"}'  class=\"uavc-list-desc ult-responsive\" style=\"\">Eos movet legimus euripidis ea.<\/span><\/div><\/li><li><div class=\"uavc-list-content\" id=\"list-icon-wrap-4819\">\n<div class=\"uavc-list-icon  \" data-animation=\"\" data-animation-delay=\"03\" style=\"margin-right:10px;\"><div class=\"ult-just-icon-wrapper  \"><div class=\"align-icon\" style=\"text-align:center;\">\n<div class=\"aio-icon none \"  style=\"color:#dd9933;font-size:24px;display:inline-block;\">\n\t<i class=\"Defaults-check\"><\/i>\n<\/div><\/div><\/div>\n<\/div><span  data-ultimate-target='#list-icon-wrap-4819 .uavc-list-desc'  data-responsive-json-new='{\"font-size\":\"\",\"line-height\":\"\"}'  class=\"uavc-list-desc ult-responsive\" style=\"\">Eos movet legimus euripidis ea.<\/span><\/div><\/li><li><div class=\"uavc-list-content\" id=\"list-icon-wrap-5842\">\n<div class=\"uavc-list-icon  \" data-animation=\"\" data-animation-delay=\"03\" style=\"margin-right:10px;\"><div class=\"ult-just-icon-wrapper  \"><div class=\"align-icon\" style=\"text-align:center;\">\n<div class=\"aio-icon none \"  style=\"color:#dd9933;font-size:24px;display:inline-block;\">\n\t<i class=\"Defaults-check\"><\/i>\n<\/div><\/div><\/div>\n<\/div><span  data-ultimate-target='#list-icon-wrap-5842 .uavc-list-desc'  data-responsive-json-new='{\"font-size\":\"\",\"line-height\":\"\"}'  class=\"uavc-list-desc ult-responsive\" style=\"\">Eos movet legimus euripidis ea.<\/span><\/div><\/li><\/ul><\/div><\/div>[\/vc_column_inner][vc_column_inner width=&#8221;1\/3&#8243;][apress_text_separator title=&#8221;WORK WITH US&#8221; title_align=&#8221;separator_align_left&#8221; align=&#8221;align_left&#8221; el_width=&#8221;70&#8243; contentboxanimation=&#8221;fadeInDown&#8221; contentboxdelay=&#8221;900&#8243; color=&#8221;#dd9933&#8243; title_font_options=&#8221;tag:h2|font_size:20|color:%23dd9933|line_height:30&#8243;][vc_column_text css_animation=&#8221;fadeInDown&#8221;]We are looking for young ,competitive and go getters in our team . Send us your resume to careers@yourcompany.com[\/vc_column_text][\/vc_column_inner][\/vc_row_inner][\/vc_column][\/vc_row][vc_row full_width=&#8221;stretch_row&#8221; css=&#8221;.vc_custom_1504088453236{padding-top: 50px !important;padding-bottom: 100px !important;background-color: #333333 !important;}&#8221;][vc_column][apress_text_separator title=&#8221;PROJECT GALLERY&#8221; title_align=&#8221;separator_align_left&#8221; align=&#8221;align_left&#8221; el_width=&#8221;40&#8243; contentboxanimation=&#8221;fadeIn&#8221; contentboxdelay=&#8221;300&#8243; color=&#8221;#ffffff&#8221; title_font_options=&#8221;tag:h2|color:%23ffffff&#8221;][apress_photo_gallery images=&#8221;115,116,117,118,119,120,121,122&#8243; images_size=&#8221;full&#8221; image_gutter=&#8221;10&#8243; use_lightbox=&#8221;yes&#8221; hover_effects=&#8221;zoomin_effect&#8221; data_animation=&#8221;fadeInUp&#8221;][\/vc_column][\/vc_row]<\/p>\n","protected":false},"excerpt":{"rendered":"<p>[vc_row css=&#8221;.vc_custom_1504087438970{padding-top: 50px !important;padding-bottom: 50px !important;}&#8221;][vc_column][vc_row_inner gap=&#8221;20&#8243; css=&#8221;.vc_custom_1504086542330{padding-bottom: 50px !important;}&#8221;][vc_column_inner width=&#8221;3\/4&#8243;][apress_text_separator title=&#8221;HAKKIMIZDA&#8221; title_align=&#8221;separator_align_left&#8221; align=&#8221;align_left&#8221; el_width=&#8221;40&#8243; contentboxanimation=&#8221;fadeIn&#8221; contentboxdelay=&#8221;300&#8243; color=&#8221;#dd9933&#8243; title_font_options=&#8221;tag:h2|color:%23dd9933&#8243;][vc_column_text css_animation=&#8221;fadeInUp&#8221;]1996 y\u0131l\u0131nda kurulan firmam\u0131z, A.G. ve O.G. elektrik malzemelerinin toptan ve perakende sat\u0131\u015f\u0131n\u0131 yapmaktad\u0131r. Sekt\u00f6r\u00fcn T\u00fcrkiye ve D\u00fcnya \u00e7ap\u0131nda imalat\u00e7\u0131 ve<span class=\"read_more_area\"><a class=\"read-more\" href=\"http:\/\/www.korfezelektroteknik.com\/index.php\/hakkimizda\/\"> Continue Reading <\/a><\/span><\/p>\n","protected":false},"author":1,"featured_media":0,"parent":0,"menu_order":0,"comment_status":"closed","ping_status":"closed","template":"","meta":[],"_links":{"self":[{"href":"http:\/\/www.korfezelektroteknik.com\/index.php\/wp-json\/wp\/v2\/pages\/144"}],"collection":[{"href":"http:\/\/www.korfezelektroteknik.com\/index.php\/wp-json\/wp\/v2\/pages"}],"about":[{"href":"http:\/\/www.korfezelektroteknik.com\/index.php\/wp-json\/wp\/v2\/types\/page"}],"author":[{"embeddable":true,"href":"http:\/\/www.korfezelektroteknik.com\/index.php\/wp-json\/wp\/v2\/users\/1"}],"replies":[{"embeddable":true,"href":"http:\/\/www.korfezelektroteknik.com\/index.php\/wp-json\/wp\/v2\/comments?post=144"}],"version-history":[{"count":3,"href":"http:\/\/www.korfezelektroteknik.com\/index.php\/wp-json\/wp\/v2\/pages\/144\/revisions"}],"predecessor-version":[{"id":174,"href":"http:\/\/www.korfezelektroteknik.com\/index.php\/wp-json\/wp\/v2\/pages\/144\/revisions\/174"}],"wp:attachment":[{"href":"http:\/\/www.korfezelektroteknik.com\/index.php\/wp-json\/wp\/v2\/media?parent=144"}],"curies":[{"name":"wp","href":"https:\/\/api.w.org\/{rel}","templated":true}]}}